{"id":8831,"date":"2025-06-03T10:05:53","date_gmt":"2025-06-03T14:05:53","guid":{"rendered":"https:\/\/quebecsubaquatique.ca\/diving-resources-and-regulations\/accreditation-renouvellement\/"},"modified":"2025-10-16T15:42:22","modified_gmt":"2025-10-16T19:42:22","slug":"accreditation-renewal","status":"publish","type":"page","link":"https:\/\/quebecsubaquatique.ca\/en\/diving-resources-and-regulations\/accreditation-renewal\/","title":{"rendered":"Accreditation and Renewal"},"content":{"rendered":"<p>[et_pb_section fb_built=&#8221;1&#8243; _builder_version=&#8221;4.27.4&#8243; _module_preset=&#8221;default&#8221; custom_margin=&#8221;||-78px|||&#8221; locked=&#8221;off&#8221; global_colors_info=&#8221;{}&#8221;][et_pb_row _builder_version=&#8221;4.24.1&#8243; _module_preset=&#8221;default&#8221; width=&#8221;75%&#8221; custom_padding=&#8221;0px||0px||false|false&#8221; locked=&#8221;off&#8221; global_colors_info=&#8221;{}&#8221;][et_pb_column type=&#8221;4_4&#8243; _builder_version=&#8221;4.24.1&#8243; _module_preset=&#8221;default&#8221; global_colors_info=&#8221;{}&#8221;][et_pb_text _builder_version=&#8221;4.27.4&#8243; _module_preset=&#8221;default&#8221; text_font=&#8221;|||on|||||&#8221; text_text_color=&#8221;#001629&#8243; text_font_size=&#8221;22px&#8221; text_letter_spacing=&#8221;1px&#8221; text_orientation=&#8221;center&#8221; custom_margin=&#8221;||10px||false|false&#8221; global_colors_info=&#8221;{}&#8221;]<\/p>\n<p>Qualification Certificate<\/p>\n<p>[\/et_pb_text][et_pb_heading title=&#8221;Accreditation and Renewal&#8221; _builder_version=&#8221;4.27.4&#8243; _module_preset=&#8221;default&#8221; title_font=&#8221;|700|||||||&#8221; title_text_align=&#8221;center&#8221; title_text_color=&#8221;#00437A&#8221; title_font_size=&#8221;80px&#8221; custom_margin=&#8221;||10px||false|false&#8221; custom_padding=&#8221;||||false|false&#8221; title_font_size_tablet=&#8221;60px&#8221; title_font_size_phone=&#8221;36px&#8221; title_font_size_last_edited=&#8221;on|tablet&#8221; custom_css_main_element=&#8221;overflow-wrap: break-word;&#8221; global_colors_info=&#8221;{}&#8221;][\/et_pb_heading][\/et_pb_column][\/et_pb_row][et_pb_row _builder_version=&#8221;4.27.4&#8243; _module_preset=&#8221;default&#8221; global_colors_info=&#8221;{}&#8221;][et_pb_column type=&#8221;4_4&#8243; _builder_version=&#8221;4.27.4&#8243; _module_preset=&#8221;default&#8221; global_colors_info=&#8221;{}&#8221;][et_pb_image src=&#8221;https:\/\/quebecsubaquatique.ca\/wp-content\/uploads\/2025\/06\/iStock-478265742-scaled.jpg&#8221; alt=&#8221;Certificat de qualification &#8211; accr\u00e9ditation et renouvellement&#8221; title_text=&#8221;pexels-harvey-clements-13141095-15763632&#8243; _builder_version=&#8221;4.27.4&#8243; _module_preset=&#8221;default&#8221; global_colors_info=&#8221;{}&#8221;][\/et_pb_image][et_pb_text _builder_version=&#8221;4.27.4&#8243; _module_preset=&#8221;default&#8221; text_font=&#8221;|300|||||||&#8221; text_text_color=&#8221;#001629&#8243; text_line_height=&#8221;30px&#8221; text_orientation=&#8221;center&#8221; custom_margin=&#8221;||||false|false&#8221; text_orientation_tablet=&#8221;center&#8221; text_orientation_phone=&#8221;center&#8221; text_orientation_last_edited=&#8221;on|phone&#8221; locked=&#8221;off&#8221; global_colors_info=&#8221;{}&#8221;]<\/p>\n<p>Photo : iStock<\/p>\n<p>[\/et_pb_text][\/et_pb_column][\/et_pb_row][et_pb_row custom_padding_last_edited=&#8221;on|phone&#8221; _builder_version=&#8221;4.27.4&#8243; _module_preset=&#8221;default&#8221; width=&#8221;50%&#8221; width_tablet=&#8221;75%&#8221; width_phone=&#8221;75%&#8221; width_last_edited=&#8221;on|phone&#8221; custom_padding=&#8221;30px||0px||false|false&#8221; custom_padding_tablet=&#8221;0px||30px||false|false&#8221; custom_padding_phone=&#8221;0px||||false|false&#8221; locked=&#8221;off&#8221; global_colors_info=&#8221;{}&#8221;][et_pb_column type=&#8221;4_4&#8243; _builder_version=&#8221;4.24.1&#8243; _module_preset=&#8221;default&#8221; global_colors_info=&#8221;{}&#8221;][et_pb_heading title=&#8221;Renewal of the Qualification Certificate&#8221; _builder_version=&#8221;4.27.4&#8243; _module_preset=&#8221;default&#8221; title_level=&#8221;h2&#8243; title_font=&#8221;|700|||||||&#8221; title_text_align=&#8221;center&#8221; title_text_color=&#8221;#00437A&#8221; title_font_size=&#8221;60px&#8221; width_tablet=&#8221;&#8221; width_phone=&#8221;100%&#8221; width_last_edited=&#8221;on|phone&#8221; custom_margin=&#8221;|0px|10px|0px|false|false&#8221; title_font_size_tablet=&#8221;60px&#8221; title_font_size_phone=&#8221;35px&#8221; title_font_size_last_edited=&#8221;on|phone&#8221; locked=&#8221;off&#8221; global_colors_info=&#8221;{}&#8221;][\/et_pb_heading][et_pb_heading title=&#8221;As a Level A, B, or C diver&#8221; _builder_version=&#8221;4.27.4&#8243; _module_preset=&#8221;default&#8221; title_level=&#8221;h3&#8243; title_font=&#8221;|700|||||||&#8221; title_text_align=&#8221;left&#8221; title_text_color=&#8221;#00437A&#8221; title_font_size=&#8221;24px&#8221; width_tablet=&#8221;&#8221; width_phone=&#8221;100%&#8221; width_last_edited=&#8221;on|phone&#8221; custom_margin=&#8221;|0px|10px|0px|false|false&#8221; title_font_size_tablet=&#8221;60px&#8221; title_font_size_phone=&#8221;20px&#8221; title_font_size_last_edited=&#8221;on|phone&#8221; locked=&#8221;off&#8221; global_colors_info=&#8221;{}&#8221;][\/et_pb_heading][et_pb_text _builder_version=&#8221;4.27.4&#8243; _module_preset=&#8221;default&#8221; text_font=&#8221;|300|||||||&#8221; text_text_color=&#8221;#001629&#8243; text_line_height=&#8221;30px&#8221; link_font=&#8221;|700|||||||&#8221; link_text_color=&#8221;#67D2DF&#8221; text_orientation=&#8221;center&#8221; locked=&#8221;off&#8221; global_colors_info=&#8221;{}&#8221;]<\/p>\n<p style=\"text-align: justify;\"><em data-start=\"0\" data-end=\"17\" data-is-only-node=\"\">(every 3 years)<\/em><br data-start=\"17\" data-end=\"20\" \/>\u2026have completed a minimum of <strong data-start=\"49\" data-end=\"107\">ten (10) recreational scuba dives using compressed gas<\/strong> within the past three (3) years, <strong data-start=\"141\" data-end=\"147\">OR<\/strong><br data-start=\"147\" data-end=\"150\" \/>\u2026demonstrate that you have participated in a <strong data-start=\"195\" data-end=\"237\">knowledge and skills refresher session<\/strong> during a dive supervised by a qualified instructor, <strong data-start=\"290\" data-end=\"296\">OR<\/strong><br data-start=\"296\" data-end=\"299\" \/>\u2026<strong data-start=\"300\" data-end=\"331\">successfully pass the exams<\/strong> leading to the issuance of the certificate.<\/p>\n<p>[\/et_pb_text][et_pb_heading title=&#8221;As a Class D diver&#8221; _builder_version=&#8221;4.27.4&#8243; _module_preset=&#8221;default&#8221; title_level=&#8221;h3&#8243; title_font=&#8221;|700|||||||&#8221; title_text_align=&#8221;left&#8221; title_text_color=&#8221;#00437A&#8221; title_font_size=&#8221;24px&#8221; width_tablet=&#8221;&#8221; width_phone=&#8221;100%&#8221; width_last_edited=&#8221;on|phone&#8221; custom_margin=&#8221;|0px|10px|0px|false|false&#8221; title_font_size_tablet=&#8221;60px&#8221; title_font_size_phone=&#8221;20px&#8221; title_font_size_last_edited=&#8221;on|phone&#8221; locked=&#8221;off&#8221; global_colors_info=&#8221;{}&#8221;][\/et_pb_heading][et_pb_text _builder_version=&#8221;4.27.4&#8243; _module_preset=&#8221;default&#8221; text_font=&#8221;|300|||||||&#8221; text_text_color=&#8221;#001629&#8243; text_line_height=&#8221;30px&#8221; link_font=&#8221;|700|||||||&#8221; link_text_color=&#8221;#67D2DF&#8221; text_orientation=&#8221;center&#8221; locked=&#8221;off&#8221; global_colors_info=&#8221;{}&#8221;]<\/p>\n<p style=\"text-align: justify;\"><em data-start=\"0\" data-end=\"12\" data-is-only-node=\"\">(annually)<\/em><br data-start=\"12\" data-end=\"15\" \/>\u2026be a <strong data-start=\"21\" data-end=\"48\">member in good standing<\/strong>, as an assistant instructor or dive leader, of one of the agencies listed in the regulation\u2019s appendix, <strong data-start=\"153\" data-end=\"160\">AND<\/strong><br data-start=\"160\" data-end=\"163\" \/>\u2026demonstrate that you have participated, during the validity period of your certificate, in <strong data-start=\"255\" data-end=\"300\">at least one four-hour improvement clinic<\/strong> within the past three (3) years.<\/p>\n<p>[\/et_pb_text][et_pb_heading title=&#8221;As a Level A, B, or C Instructor&#8221; _builder_version=&#8221;4.27.4&#8243; _module_preset=&#8221;default&#8221; title_level=&#8221;h3&#8243; title_font=&#8221;|700|||||||&#8221; title_text_align=&#8221;left&#8221; title_text_color=&#8221;#00437A&#8221; title_font_size=&#8221;24px&#8221; width_tablet=&#8221;&#8221; width_phone=&#8221;100%&#8221; width_last_edited=&#8221;on|phone&#8221; custom_margin=&#8221;|0px|10px|0px|false|false&#8221; title_font_size_tablet=&#8221;60px&#8221; title_font_size_phone=&#8221;20px&#8221; title_font_size_last_edited=&#8221;on|phone&#8221; locked=&#8221;off&#8221; global_colors_info=&#8221;{}&#8221;][\/et_pb_heading][et_pb_text _builder_version=&#8221;4.27.4&#8243; _module_preset=&#8221;default&#8221; text_font=&#8221;|300|||||||&#8221; text_text_color=&#8221;#001629&#8243; text_line_height=&#8221;30px&#8221; link_font=&#8221;|700|||||||&#8221; link_text_color=&#8221;#67D2DF&#8221; text_orientation=&#8221;center&#8221; locked=&#8221;off&#8221; global_colors_info=&#8221;{}&#8221;]<\/p>\n<p style=\"text-align: justify;\"><em data-start=\"0\" data-end=\"12\" data-is-only-node=\"\">(annually)<\/em><br data-start=\"12\" data-end=\"15\" \/>\u2026be a <strong data-start=\"21\" data-end=\"48\">member in good standing<\/strong>, as an instructor, of one of the agencies listed in the regulation\u2019s appendix, <strong data-start=\"128\" data-end=\"135\">AND<\/strong><br data-start=\"135\" data-end=\"138\" \/>\u2026demonstrate that you have participated, during the validity period of your certificate, in <strong data-start=\"230\" data-end=\"275\">at least one four-hour improvement clinic<\/strong> within the past year.<\/p>\n<p>[\/et_pb_text][\/et_pb_column][\/et_pb_row][et_pb_row _builder_version=&#8221;4.27.4&#8243; _module_preset=&#8221;default&#8221; global_colors_info=&#8221;{}&#8221;][et_pb_column type=&#8221;4_4&#8243; _builder_version=&#8221;4.27.4&#8243; _module_preset=&#8221;default&#8221; global_colors_info=&#8221;{}&#8221;][et_pb_image src=&#8221;https:\/\/quebecsubaquatique.ca\/wp-content\/uploads\/2025\/10\/ANG-version-externe-plongeurs-.jpg&#8221; alt=&#8221;Organigramme formations plongeurs&#8221; title_text=&#8221;Diver Training Chart&#8221; align=&#8221;center&#8221; _builder_version=&#8221;4.27.4&#8243; _module_preset=&#8221;default&#8221; global_colors_info=&#8221;{}&#8221;][\/et_pb_image][et_pb_text _builder_version=&#8221;4.27.4&#8243; _module_preset=&#8221;default&#8221; text_font=&#8221;|600|||||||&#8221; text_text_color=&#8221;#67D2DF&#8221; text_line_height=&#8221;30px&#8221; link_font=&#8221;|700|||||||&#8221; link_text_color=&#8221;#67D2DF&#8221; text_orientation=&#8221;center&#8221; link_option_url_new_window=&#8221;on&#8221; locked=&#8221;off&#8221; global_colors_info=&#8221;{}&#8221; link_text_color__hover_enabled=&#8221;on|hover&#8221; link_text_color__hover=&#8221;#0060AC&#8221; text_text_color__hover_enabled=&#8221;on|desktop&#8221; text_text_color__hover=&#8221;#0060AC&#8221;]<\/p>\n<p><a href=\"https:\/\/quebecsubaquatique.ca\/wp-content\/uploads\/2025\/10\/ANG-version-externe-plongeurs-.pdf\" target=\"_blank\" rel=\"noopener\"><strong>Downloadable Version<\/strong><\/a><\/p>\n<p>[\/et_pb_text][\/et_pb_column][\/et_pb_row][et_pb_row custom_padding_last_edited=&#8221;on|phone&#8221; _builder_version=&#8221;4.27.4&#8243; _module_preset=&#8221;default&#8221; width=&#8221;50%&#8221; width_tablet=&#8221;75%&#8221; width_phone=&#8221;75%&#8221; width_last_edited=&#8221;on|phone&#8221; custom_padding=&#8221;30px||0px||false|false&#8221; custom_padding_tablet=&#8221;0px||30px||false|false&#8221; custom_padding_phone=&#8221;0px||||false|false&#8221; locked=&#8221;off&#8221; global_colors_info=&#8221;{}&#8221;][et_pb_column type=&#8221;4_4&#8243; _builder_version=&#8221;4.24.1&#8243; _module_preset=&#8221;default&#8221; global_colors_info=&#8221;{}&#8221;][et_pb_text _builder_version=&#8221;4.27.4&#8243; _module_preset=&#8221;default&#8221; text_font=&#8221;|300|||||||&#8221; text_text_color=&#8221;#001629&#8243; text_line_height=&#8221;30px&#8221; link_font=&#8221;|700|||||||&#8221; link_text_color=&#8221;#67D2DF&#8221; text_orientation=&#8221;center&#8221; locked=&#8221;off&#8221; global_colors_info=&#8221;{}&#8221; link_text_color__hover_enabled=&#8221;on|hover&#8221; link_text_color__hover=&#8221;#0060AC&#8221;]<\/p>\n<p>For <strong>obtaining or renewing a qualification certificate<\/strong>, please contact an instructor accredited as an issuing agent by the Federation.<\/p>\n<p><a href=\"https:\/\/quebecsubaquatique.ca\/en\/about-us\/corporate-members\/\" target=\"_blank\" rel=\"noopener\">See the list<\/a> of active authorized instructors, qualified to teach in Quebec and issue certificates. For more information, call <strong data-start=\"266\" data-end=\"282\">514-252-3009<\/strong> or email\u00a0<a href=\"mailto:accreditation@quebecsubaquatique.ca\" target=\"_blank\" rel=\"noopener\">accreditation@quebecsubaquatique.ca<\/a><\/p>\n<p>[\/et_pb_text][et_pb_text _builder_version=&#8221;4.27.4&#8243; _module_preset=&#8221;default&#8221; text_font=&#8221;|600|||||||&#8221; text_text_color=&#8221;#B9100B&#8221; text_line_height=&#8221;30px&#8221; link_font=&#8221;|700|||||||&#8221; link_text_color=&#8221;#67D2DF&#8221; text_orientation=&#8221;center&#8221; locked=&#8221;off&#8221; global_colors_info=&#8221;{}&#8221;]<\/p>\n<p>We will return calls and emails regarding renewals, certifications, or any other accreditation requests within 72 business hours.<\/p>\n<p>[\/et_pb_text][\/et_pb_column][\/et_pb_row][et_pb_row column_structure=&#8221;1_2,1_2&#8243; _builder_version=&#8221;4.27.4&#8243; _module_preset=&#8221;default&#8221; global_colors_info=&#8221;{}&#8221;][et_pb_column type=&#8221;1_2&#8243; _builder_version=&#8221;4.27.4&#8243; _module_preset=&#8221;default&#8221; global_colors_info=&#8221;{}&#8221;][et_pb_image src=&#8221;https:\/\/quebecsubaquatique.ca\/wp-content\/uploads\/2025\/06\/SPECIMEN.png&#8221; alt=&#8221;Certificat de qualification en plong\u00e9e subaquatique r\u00e9cr\u00e9ative du Qu\u00e9bec &#8211; SPECIMEN&#8221; _builder_version=&#8221;4.27.4&#8243; _module_preset=&#8221;default&#8221; max_width=&#8221;75%&#8221; module_alignment=&#8221;center&#8221; global_colors_info=&#8221;{}&#8221;][\/et_pb_image][\/et_pb_column][et_pb_column type=&#8221;1_2&#8243; _builder_version=&#8221;4.27.4&#8243; _module_preset=&#8221;default&#8221; global_colors_info=&#8221;{}&#8221;][et_pb_image src=&#8221;https:\/\/quebecsubaquatique.ca\/wp-content\/uploads\/2025\/06\/cert_qualif_pro.png&#8221; alt=&#8221;Certificat de qualification pro&#8221; _builder_version=&#8221;4.27.4&#8243; _module_preset=&#8221;default&#8221; max_width=&#8221;75%&#8221; module_alignment=&#8221;center&#8221; global_colors_info=&#8221;{}&#8221;][\/et_pb_image][\/et_pb_column][\/et_pb_row][et_pb_row _builder_version=&#8221;4.27.4&#8243; _module_preset=&#8221;default&#8221; width=&#8221;100%&#8221; max_width=&#8221;100%&#8221; global_colors_info=&#8221;{}&#8221;][et_pb_column type=&#8221;4_4&#8243; _builder_version=&#8221;4.27.4&#8243; _module_preset=&#8221;default&#8221; global_colors_info=&#8221;{}&#8221;][et_pb_image src=&#8221;https:\/\/quebecsubaquatique.ca\/wp-content\/uploads\/2025\/03\/bg-vagues-02.png&#8221; align=&#8221;center&#8221; _builder_version=&#8221;4.27.4&#8243; _module_preset=&#8221;default&#8221; custom_margin=&#8221;||-100px||false|false&#8221; global_colors_info=&#8221;{}&#8221;][\/et_pb_image][\/et_pb_column][\/et_pb_row][\/et_pb_section][et_pb_section fb_built=&#8221;1&#8243; _builder_version=&#8221;4.27.4&#8243; _module_preset=&#8221;default&#8221; background_color=&#8221;#00437A&#8221; locked=&#8221;off&#8221; global_colors_info=&#8221;{}&#8221;][et_pb_row _builder_version=&#8221;4.27.4&#8243; _module_preset=&#8221;default&#8221; global_colors_info=&#8221;{}&#8221;][et_pb_column type=&#8221;4_4&#8243; _builder_version=&#8221;4.27.4&#8243; _module_preset=&#8221;default&#8221; global_colors_info=&#8221;{}&#8221;][et_pb_text _builder_version=&#8221;4.27.4&#8243; _module_preset=&#8221;default&#8221; text_font=&#8221;|||on|||||&#8221; text_text_color=&#8221;#FFFFFF&#8221; text_font_size=&#8221;22px&#8221; text_letter_spacing=&#8221;1px&#8221; text_orientation=&#8221;center&#8221; custom_margin=&#8221;||10px||false|false&#8221; locked=&#8221;off&#8221; global_colors_info=&#8221;{}&#8221;]<\/p>\n<p>Useful Links<\/p>\n<p>[\/et_pb_text][et_pb_heading title=&#8221;A few links&#8221; _builder_version=&#8221;4.27.4&#8243; _module_preset=&#8221;default&#8221; title_level=&#8221;h2&#8243; title_font=&#8221;|700|||||||&#8221; title_text_align=&#8221;center&#8221; title_text_color=&#8221;#FFFFFF&#8221; title_font_size=&#8221;60px&#8221; width=&#8221;80%&#8221; width_tablet=&#8221;100%&#8221; width_phone=&#8221;100%&#8221; width_last_edited=&#8221;on|desktop&#8221; module_alignment=&#8221;center&#8221; custom_margin=&#8221;||10px||false|false&#8221; title_font_size_tablet=&#8221;60px&#8221; title_font_size_phone=&#8221;35px&#8221; title_font_size_last_edited=&#8221;on|phone&#8221; module_alignment_tablet=&#8221;center&#8221; module_alignment_phone=&#8221;center&#8221; module_alignment_last_edited=&#8221;on|tablet&#8221; locked=&#8221;off&#8221; global_colors_info=&#8221;{}&#8221;][\/et_pb_heading][et_pb_text _builder_version=&#8221;4.27.4&#8243; _module_preset=&#8221;default&#8221; text_font=&#8221;|300|||||||&#8221; text_text_color=&#8221;#FFFFFF&#8221; text_line_height=&#8221;30px&#8221; link_font=&#8221;|600||||||#FFFFFF|&#8221; link_text_color=&#8221;#67D2DF&#8221; text_orientation=&#8221;center&#8221; text_orientation_tablet=&#8221;left&#8221; text_orientation_phone=&#8221;left&#8221; text_orientation_last_edited=&#8221;on|phone&#8221; locked=&#8221;off&#8221; global_colors_info=&#8221;{}&#8221; link_text_color__hover_enabled=&#8221;on|hover&#8221; link_text_color__hover=&#8221;#FFFFFF&#8221;]<\/p>\n<p><a href=\"https:\/\/quebecsubaquatique.ca\/en\/about-us\/corporate-members\/\" target=\"_blank\" rel=\"noopener\">Directory of Authorized Instructors<\/a><\/p>\n<p><a href=\"https:\/\/www.legisquebec.gouv.qc.ca\/en\/document\/cs\/S-3.1\" target=\"_blank\" rel=\"noopener\">Act Respecting Safety in Sports and Recreational Activities<\/a><\/p>\n<p><a href=\"https:\/\/www.legisquebec.gouv.qc.ca\/en\/document\/cr\/S-3.1,%20r.%208\" target=\"_blank\" rel=\"noopener\">Regulation on Recreational Scuba Diving Qualification<\/a><\/p>\n<p><a href=\"https:\/\/www.education.gouv.qc.ca\/enseignants\/securite-integrite-et-ethique\/reglementation\/application-de-la-reglementation\/plongee-subaquatique-recreative\/\" target=\"_blank\" rel=\"noopener\">Recreational Scuba Diving (Ministry of Education)<\/a><\/p>\n<p>[\/et_pb_text][et_pb_button button_url=&#8221;https:\/\/quebecsubaquatique.ca\/en\/diving-resources-and-regulations\/useful-links\/&#8221; button_text=&#8221;See more&#8221; button_alignment=&#8221;center&#8221; _builder_version=&#8221;4.27.4&#8243; _module_preset=&#8221;default&#8221; custom_button=&#8221;on&#8221; button_text_color=&#8221;#EEFAFB&#8221; button_bg_color=&#8221;RGBA(255,255,255,0)&#8221; button_border_color=&#8221;#EEFAFB&#8221; background_layout=&#8221;dark&#8221; hover_enabled=&#8221;0&#8243; global_colors_info=&#8221;{}&#8221; button_text_color__hover_enabled=&#8221;on|desktop&#8221; button_text_color__hover=&#8221;#001629&#8243; button_border_width__hover_enabled=&#8221;on|hover&#8221; button_bg_color__hover_enabled=&#8221;on|hover&#8221; button_bg_color__hover=&#8221;#EEFAFB&#8221; button_bg_enable_color__hover=&#8221;on&#8221; sticky_enabled=&#8221;0&#8243;][\/et_pb_button][\/et_pb_column][\/et_pb_row][\/et_pb_section]<\/p>\n","protected":false},"excerpt":{"rendered":"<p>Qualification CertificatePhoto : iStock(every 3 years)\u2026have completed a minimum of ten (10) recreational scuba dives using compressed gas within the past three (3) years, OR\u2026demonstrate that you have participated in a knowledge and skills refresher session during a dive supervised by a qualified instructor, OR\u2026successfully pass the exams leading to the issuance of the certificate.(annually)\u2026be [&hellip;]<\/p>\n","protected":false},"author":3,"featured_media":8225,"parent":8672,"menu_order":0,"comment_status":"closed","ping_status":"closed","template":"","meta":{"_acf_changed":false,"_et_pb_use_builder":"on","_et_pb_old_content":"","_et_gb_content_width":"","footnotes":""},"class_list":["post-8831","page","type-page","status-publish","has-post-thumbnail","hentry"],"acf":[],"_links":{"self":[{"href":"https:\/\/quebecsubaquatique.ca\/en\/wp-json\/wp\/v2\/pages\/8831","targetHints":{"allow":["GET"]}}],"collection":[{"href":"https:\/\/quebecsubaquatique.ca\/en\/wp-json\/wp\/v2\/pages"}],"about":[{"href":"https:\/\/quebecsubaquatique.ca\/en\/wp-json\/wp\/v2\/types\/page"}],"author":[{"embeddable":true,"href":"https:\/\/quebecsubaquatique.ca\/en\/wp-json\/wp\/v2\/users\/3"}],"replies":[{"embeddable":true,"href":"https:\/\/quebecsubaquatique.ca\/en\/wp-json\/wp\/v2\/comments?post=8831"}],"version-history":[{"count":9,"href":"https:\/\/quebecsubaquatique.ca\/en\/wp-json\/wp\/v2\/pages\/8831\/revisions"}],"predecessor-version":[{"id":9565,"href":"https:\/\/quebecsubaquatique.ca\/en\/wp-json\/wp\/v2\/pages\/8831\/revisions\/9565"}],"up":[{"embeddable":true,"href":"https:\/\/quebecsubaquatique.ca\/en\/wp-json\/wp\/v2\/pages\/8672"}],"wp:featuredmedia":[{"embeddable":true,"href":"https:\/\/quebecsubaquatique.ca\/en\/wp-json\/wp\/v2\/media\/8225"}],"wp:attachment":[{"href":"https:\/\/quebecsubaquatique.ca\/en\/wp-json\/wp\/v2\/media?parent=8831"}],"curies":[{"name":"wp","href":"https:\/\/api.w.org\/{rel}","templated":true}]}}